{"id":36,"date":"2020-07-27T16:27:42","date_gmt":"2020-07-27T16:27:42","guid":{"rendered":"https:\/\/www.sprechkunst-logopaedie.ch\/wp\/?page_id=36"},"modified":"2020-07-27T23:57:56","modified_gmt":"2020-07-27T23:57:56","slug":"praxis","status":"publish","type":"page","link":"https:\/\/www.sprechkunst-logopaedie.ch\/index.php\/praxis\/","title":{"rendered":"Praxis"},"content":{"rendered":"<p><span style=\"font-size: 24pt; color: #0000ff;\"><strong>Praxis f\u00fcr Logop\u00e4die und Stimmtherapie:<\/strong><\/span><\/p>\n<p>Logop\u00e4dische Verordnung<br \/>\nLink zum Verordnungsformular: Verordnung<\/p>\n<p>Selbstzahler &#8230; Kosten<\/p>\n<p style=\"text-align: left;\"><span style=\"color: #ff0000;\"><em>Bitte beachten: Die Seite befindet sich noch im Aufbau!<\/em><\/span><\/p>\n","protected":false},"excerpt":{"rendered":"<p>Praxis f\u00fcr Logop\u00e4die und Stimmtherapie: Logop\u00e4dische Verordnung Link zum Verordnungsformular: Verordnung Selbstzahler &#8230; Kosten Bitte beachten: Die Seite befindet sich noch im Aufbau!<\/p>\n","protected":false},"author":1,"featured_media":0,"parent":0,"menu_order":0,"comment_status":"closed","ping_status":"closed","template":"","meta":{"footnotes":""},"class_list":["post-36","page","type-page","status-publish","hentry"],"_links":{"self":[{"href":"https:\/\/www.sprechkunst-logopaedie.ch\/index.php\/wp-json\/wp\/v2\/pages\/36","targetHints":{"allow":["GET"]}}],"collection":[{"href":"https:\/\/www.sprechkunst-logopaedie.ch\/index.php\/wp-json\/wp\/v2\/pages"}],"about":[{"href":"https:\/\/www.sprechkunst-logopaedie.ch\/index.php\/wp-json\/wp\/v2\/types\/page"}],"author":[{"embeddable":true,"href":"https:\/\/www.sprechkunst-logopaedie.ch\/index.php\/wp-json\/wp\/v2\/users\/1"}],"replies":[{"embeddable":true,"href":"https:\/\/www.sprechkunst-logopaedie.ch\/index.php\/wp-json\/wp\/v2\/comments?post=36"}],"version-history":[{"count":5,"href":"https:\/\/www.sprechkunst-logopaedie.ch\/index.php\/wp-json\/wp\/v2\/pages\/36\/revisions"}],"predecessor-version":[{"id":154,"href":"https:\/\/www.sprechkunst-logopaedie.ch\/index.php\/wp-json\/wp\/v2\/pages\/36\/revisions\/154"}],"wp:attachment":[{"href":"https:\/\/www.sprechkunst-logopaedie.ch\/index.php\/wp-json\/wp\/v2\/media?parent=36"}],"curies":[{"name":"wp","href":"https:\/\/api.w.org\/{rel}","templated":true}]}}