{"id":39,"date":"2020-07-27T16:28:36","date_gmt":"2020-07-27T16:28:36","guid":{"rendered":"https:\/\/www.sprechkunst-logopaedie.ch\/wp\/?page_id=39"},"modified":"2020-07-27T23:57:16","modified_gmt":"2020-07-27T23:57:16","slug":"ueber-mich","status":"publish","type":"page","link":"https:\/\/www.sprechkunst-logopaedie.ch\/index.php\/ueber-mich\/","title":{"rendered":"\u00dcber mich"},"content":{"rendered":"<p><img loading=\"lazy\" decoding=\"async\" class=\"size-medium wp-image-8\" src=\"https:\/\/www.sprechkunst-logopaedie.ch\/wp-content\/uploads\/2020\/07\/DoSi_Portrait3_960x1344-214x300.jpg\" alt=\"\" width=\"214\" height=\"300\" srcset=\"https:\/\/www.sprechkunst-logopaedie.ch\/wp-content\/uploads\/2020\/07\/DoSi_Portrait3_960x1344-214x300.jpg 214w, https:\/\/www.sprechkunst-logopaedie.ch\/wp-content\/uploads\/2020\/07\/DoSi_Portrait3_960x1344-731x1024.jpg 731w, https:\/\/www.sprechkunst-logopaedie.ch\/wp-content\/uploads\/2020\/07\/DoSi_Portrait3_960x1344-768x1075.jpg 768w, https:\/\/www.sprechkunst-logopaedie.ch\/wp-content\/uploads\/2020\/07\/DoSi_Portrait3_960x1344.jpg 960w\" sizes=\"auto, (max-width: 214px) 100vw, 214px\" \/><\/p>\n<p><span style=\"font-size: 24pt; color: #0000ff;\"><strong>\u00dcber mich:<\/strong><\/span><\/p>\n<ul>\n<li>In Deutschland geboren als Tochter eines Schauspielers, in der Schweiz aufgewachsen.<\/li>\n<li>Abschlusspr\u00fcfung Sprecherzieherin DGSS 2012<\/li>\n<li>Masterstudiengang in Rhetorik, Kommunikation und Sprecherziehung an der Universit\u00e4t Regensburg, Abschluss 2012, Titel der Masterarbeit: &#8222;Sprecherziehung mit Schauspiel- und Gesangsstudierenden &#8211; ein Unterrichtskonzept aus logop\u00e4discher Sicht&#8220;<\/li>\n<li>Logop\u00e4dieausbildung in Hamburg<\/li>\n<li>Seit 1988 Festanstellung im Universit\u00e4tsspital Basel als klinische Logop\u00e4din mit dem Schwerpunkt Stimmtherapie.<\/li>\n<li>seit 2015 als Sprachcoach am Theater Basel t\u00e4tig<\/li>\n<li>25-j\u00e4hrige Unterrichtserfahrung mit Lehrauftr\u00e4gen:<\/li>\n<li>seit Herbst 2012 an der Hochschule f\u00fcr Musik und darstellende Kunst Frankfurt (Sprecherziehung mit S\u00e4nger\/innen)<\/li>\n<li>seit 1999 an der Schola Cantorum Basiliensis (Atem-, Stimm- und<br \/>\nSprechtechniken f\u00fcr S\u00e4nger\/innen)<\/li>\n<li>2011 an der Athanor &#8211; Akademie Burghausen (Sprecherziehung mit Schauspielstudierenden) am ISP Basel (Logop\u00e4dieausbildung)<br \/>\nan der Universit\u00e4t Basel (\u00dcbung m\u00fcndliche Kommunikation, deutsches Seminar), am Gymnasium Liestal (Atem-, Stimm- und Sprechtechniken), am Sprachenzentrum der Universit\u00e4t Basel (seit 2013)<\/li>\n<li>Diverse Coachingauftr\u00e4ge privat und Kursangebote bei Radio X (Lokalradio Basel), HEKS (Hilfswerk der evangelischen Kirchen Schweiz) und Musikakademie Basel (Fachbereich Schulmusik)<\/li>\n<li>K\u00fcnstlerische Auftritte: Rezitation Melodramen an der Musiknacht K\u00f6ln 2011, sowie diverse andere Rezitationsabende.<\/li>\n<\/ul>\n<p>&nbsp;<\/p>\n<p style=\"text-align: left;\"><span style=\"color: #ff0000;\"><em>Bitte beachten: Die Seite befindet sich noch im Aufbau!<\/em><\/span><\/p>\n","protected":false},"excerpt":{"rendered":"<p>\u00dcber mich: In Deutschland geboren als Tochter eines Schauspielers, in der Schweiz aufgewachsen. Abschlusspr\u00fcfung Sprecherzieherin DGSS 2012 Masterstudiengang in Rhetorik, Kommunikation und Sprecherziehung an der Universit\u00e4t Regensburg, Abschluss 2012, Titel der Masterarbeit: &#8222;Sprecherziehung mit Schauspiel- und Gesangsstudierenden &#8211; ein Unterrichtskonzept aus logop\u00e4discher Sicht&#8220; Logop\u00e4dieausbildung in Hamburg Seit 1988 Festanstellung im Universit\u00e4tsspital Basel als klinische Logop\u00e4din &hellip; <a href=\"https:\/\/www.sprechkunst-logopaedie.ch\/index.php\/ueber-mich\/\" class=\"more-link\"><span class=\"screen-reader-text\">\u00dcber mich<\/span> weiterlesen <span class=\"meta-nav\">&rarr;<\/span><\/a><\/p>\n","protected":false},"author":1,"featured_media":0,"parent":0,"menu_order":4,"comment_status":"closed","ping_status":"closed","template":"","meta":{"footnotes":""},"class_list":["post-39","page","type-page","status-publish","hentry"],"_links":{"self":[{"href":"https:\/\/www.sprechkunst-logopaedie.ch\/index.php\/wp-json\/wp\/v2\/pages\/39","targetHints":{"allow":["GET"]}}],"collection":[{"href":"https:\/\/www.sprechkunst-logopaedie.ch\/index.php\/wp-json\/wp\/v2\/pages"}],"about":[{"href":"https:\/\/www.sprechkunst-logopaedie.ch\/index.php\/wp-json\/wp\/v2\/types\/page"}],"author":[{"embeddable":true,"href":"https:\/\/www.sprechkunst-logopaedie.ch\/index.php\/wp-json\/wp\/v2\/users\/1"}],"replies":[{"embeddable":true,"href":"https:\/\/www.sprechkunst-logopaedie.ch\/index.php\/wp-json\/wp\/v2\/comments?post=39"}],"version-history":[{"count":8,"href":"https:\/\/www.sprechkunst-logopaedie.ch\/index.php\/wp-json\/wp\/v2\/pages\/39\/revisions"}],"predecessor-version":[{"id":153,"href":"https:\/\/www.sprechkunst-logopaedie.ch\/index.php\/wp-json\/wp\/v2\/pages\/39\/revisions\/153"}],"wp:attachment":[{"href":"https:\/\/www.sprechkunst-logopaedie.ch\/index.php\/wp-json\/wp\/v2\/media?parent=39"}],"curies":[{"name":"wp","href":"https:\/\/api.w.org\/{rel}","templated":true}]}}